{"id":41,"date":"2023-08-25T03:24:01","date_gmt":"2023-08-25T02:24:01","guid":{"rendered":"https:\/\/talentovasto.pt\/?page_id=41"},"modified":"2025-02-09T23:01:00","modified_gmt":"2025-02-09T23:01:00","slug":"elementor-41","status":"publish","type":"page","link":"https:\/\/www.transwave.pt\/index.php\/elementor-41\/","title":{"rendered":"Quem somos"},"content":{"rendered":"\t\t<div data-elementor-type=\"wp-page\" data-elementor-id=\"41\" class=\"elementor elementor-41\">\n\t\t\t\t\t\t<section class=\"elementor-section elementor-top-section elementor-element elementor-element-b4f0c1a elementor-section-boxed elementor-section-height-default elementor-section-height-default\" data-id=\"b4f0c1a\" data-element_type=\"section\" data-e-type=\"section\">\n\t\t\t\t\t\t<div class=\"elementor-container elementor-column-gap-default\">\n\t\t\t\t\t<div class=\"elementor-column elementor-col-100 elementor-top-column elementor-element elementor-element-e0c46b5\" data-id=\"e0c46b5\" data-element_type=\"column\" data-e-type=\"column\">\n\t\t\t<div class=\"elementor-widget-wrap elementor-element-populated\">\n\t\t\t\t\t\t<div class=\"elementor-element elementor-element-18b6c97 elementor-widget elementor-widget-heading\" data-id=\"18b6c97\" data-element_type=\"widget\" data-e-type=\"widget\" data-widget_type=\"heading.default\">\n\t\t\t\t<div class=\"elementor-widget-container\">\n\t\t\t\t\t<h2 class=\"elementor-heading-title elementor-size-default\">Quem somos<\/h2>\t\t\t\t<\/div>\n\t\t\t\t<\/div>\n\t\t\t\t\t<\/div>\n\t\t<\/div>\n\t\t\t\t\t<\/div>\n\t\t<\/section>\n\t\t\t\t<section class=\"elementor-section elementor-top-section elementor-element elementor-element-af877a0 elementor-section-boxed elementor-section-height-default elementor-section-height-default\" data-id=\"af877a0\" data-element_type=\"section\" data-e-type=\"section\">\n\t\t\t\t\t\t<div class=\"elementor-container elementor-column-gap-default\">\n\t\t\t\t\t<div class=\"elementor-column elementor-col-50 elementor-top-column elementor-element elementor-element-0885599\" data-id=\"0885599\" data-element_type=\"column\" data-e-type=\"column\">\n\t\t\t<div class=\"elementor-widget-wrap elementor-element-populated\">\n\t\t\t\t\t\t<div class=\"elementor-element elementor-element-24df5fd elementor-widget elementor-widget-text-editor\" data-id=\"24df5fd\" data-element_type=\"widget\" data-e-type=\"widget\" data-widget_type=\"text-editor.default\">\n\t\t\t\t<div class=\"elementor-widget-container\">\n\t\t\t\t\t\t\t\t\t<p>Especialista em transportes e log\u00edstica, a Transwave concebe e implementa, desde 2009, solu\u00e7\u00f5es log\u00edsticas que permitem que os seus parceiros sejam mais competitivos no seu neg\u00f3cio. Estamos empenhados em fornecer solu\u00e7\u00f5es confi\u00e1veis, flex\u00edveis, inovadoras e geradoras de valor acrescentado, garantindo assim, solu\u00e7\u00f5es integradas e personalizadas, de acordo com as necessidades de cada cliente.<\/p><p><span style=\"color: #3437c3;\"><strong>Acreditamos profundamente que as pessoas s\u00e3o cruciais para o nosso sucesso.<\/strong><\/span><\/p><p>Com uma cultura de empresa baseada na transpar\u00eancia, ambi\u00e7\u00e3o e numa abordagem pessoal, asseguramos uma atmosfera de confian\u00e7a e coopera\u00e7\u00e3o, onde quer que os nossos desafios nos levem. Este sentimento de partilha estimula o compromisso, apoia conex\u00f5es e combina for\u00e7as, permitindo-nos alcan\u00e7ar em conjunto os objetivos comuns. O vasto Know-How da nossa equipa na \u00e1rea \u00e9 fundamental para a realiza\u00e7\u00e3o das nossas tarefas di\u00e1rias, garantindo assim, um servi\u00e7o de superior qualidade.<\/p><p>Assim sendo, para satisfazer todas as suas necessidades, temos ao seu dispor variadas solu\u00e7\u00f5es log\u00edsticas, a destacar entre outras, recolha e entrega no mesmo dia, entregas em 24H, in-out (armazenamento tempor\u00e1rio) e um leque de viaturas com capacidades ajustadas \u00e0s suas necessidades.<\/p><p><span style=\"color: #3437c3;\"><strong>Juntos, estamos prontos para construir uma rela\u00e7\u00e3o focada na confian\u00e7a, conhecimento e experi\u00eancia.<\/strong><\/span><\/p><p><span style=\"color: #3437c3;\"><strong>Miss\u00e3o<\/strong><\/span><\/p><p>A Transwave tem como miss\u00e3o oferecer as melhores solu\u00e7\u00f5es log\u00edsticas aos seus clientes e parceiros, aliado a um servi\u00e7o de excel\u00eancia, r\u00e1pido e sem falhas, garantindo assim a sua satisfa\u00e7\u00e3o m\u00e1xima.<\/p><p><span style=\"color: #3437c3;\"><strong>Vis\u00e3o<\/strong><\/span><\/p><p>Trabalhar diariamente para ser reconhecido pelo seu trabalho de qualidade e capacidade de resposta a todas as necessidades dos seus clientes.<\/p><p><span style=\"color: #3437c3;\"><strong>Valores<\/strong><\/span><\/p><p>Excel\u00eancia, Rigor, Responsabilidade, Qualidade, Trabalho em equipa, Respeito, Honestidade, Colabora\u00e7\u00e3o, Transpar\u00eancia.<\/p>\t\t\t\t\t\t\t\t<\/div>\n\t\t\t\t<\/div>\n\t\t\t\t\t<\/div>\n\t\t<\/div>\n\t\t\t\t<div class=\"elementor-column elementor-col-50 elementor-top-column elementor-element elementor-element-385df5a\" data-id=\"385df5a\" data-element_type=\"column\" data-e-type=\"column\">\n\t\t\t<div class=\"elementor-widget-wrap elementor-element-populated\">\n\t\t\t\t\t\t<div class=\"elementor-element elementor-element-836f453 elementor-widget elementor-widget-image\" data-id=\"836f453\" data-element_type=\"widget\" data-e-type=\"widget\" data-widget_type=\"image.default\">\n\t\t\t\t<div class=\"elementor-widget-container\">\n\t\t\t\t\t\t\t\t\t\t\t\t\t\t\t<img fetchpriority=\"high\" decoding=\"async\" width=\"682\" height=\"1024\" src=\"https:\/\/www.transwave.pt\/wp-content\/uploads\/2023\/08\/quem_somos-682x1024.jpg\" class=\"attachment-large size-large wp-image-188\" alt=\"\" srcset=\"https:\/\/www.transwave.pt\/wp-content\/uploads\/2023\/08\/quem_somos-682x1024.jpg 682w, https:\/\/www.transwave.pt\/wp-content\/uploads\/2023\/08\/quem_somos-200x300.jpg 200w, https:\/\/www.transwave.pt\/wp-content\/uploads\/2023\/08\/quem_somos-768x1153.jpg 768w, https:\/\/www.transwave.pt\/wp-content\/uploads\/2023\/08\/quem_somos.jpg 940w\" sizes=\"(max-width: 682px) 100vw, 682px\" \/>\t\t\t\t\t\t\t\t\t\t\t\t\t\t\t<\/div>\n\t\t\t\t<\/div>\n\t\t\t\t\t<\/div>\n\t\t<\/div>\n\t\t\t\t\t<\/div>\n\t\t<\/section>\n\t\t\t\t<\/div>\n\t\t","protected":false},"excerpt":{"rendered":"<p>Quem somos Especialista em transportes e log\u00edstica, a Transwave concebe e implementa, desde 2009, solu\u00e7\u00f5es log\u00edsticas que permitem que os seus parceiros sejam mais competitivos no seu neg\u00f3cio. Estamos empenhados em fornecer solu\u00e7\u00f5es confi\u00e1veis, flex\u00edveis, inovadoras e geradoras de valor acrescentado, garantindo assim, solu\u00e7\u00f5es integradas e personalizadas, de acordo com as necessidades de cada cliente. [&hellip;]<\/p>\n","protected":false},"author":1,"featured_media":0,"parent":0,"menu_order":0,"comment_status":"closed","ping_status":"closed","template":"","meta":{"footnotes":""},"class_list":["post-41","page","type-page","status-publish","hentry"],"_links":{"self":[{"href":"https:\/\/www.transwave.pt\/index.php\/wp-json\/wp\/v2\/pages\/41","targetHints":{"allow":["GET"]}}],"collection":[{"href":"https:\/\/www.transwave.pt\/index.php\/wp-json\/wp\/v2\/pages"}],"about":[{"href":"https:\/\/www.transwave.pt\/index.php\/wp-json\/wp\/v2\/types\/page"}],"author":[{"embeddable":true,"href":"https:\/\/www.transwave.pt\/index.php\/wp-json\/wp\/v2\/users\/1"}],"replies":[{"embeddable":true,"href":"https:\/\/www.transwave.pt\/index.php\/wp-json\/wp\/v2\/comments?post=41"}],"version-history":[{"count":27,"href":"https:\/\/www.transwave.pt\/index.php\/wp-json\/wp\/v2\/pages\/41\/revisions"}],"predecessor-version":[{"id":568,"href":"https:\/\/www.transwave.pt\/index.php\/wp-json\/wp\/v2\/pages\/41\/revisions\/568"}],"wp:attachment":[{"href":"https:\/\/www.transwave.pt\/index.php\/wp-json\/wp\/v2\/media?parent=41"}],"curies":[{"name":"wp","href":"https:\/\/api.w.org\/{rel}","templated":true}]}}